{"id":91,"date":"2018-07-27T19:22:08","date_gmt":"2018-07-27T19:22:08","guid":{"rendered":"https:\/\/irnpqeo.ca\/?page_id=91"},"modified":"2025-02-07T20:38:46","modified_gmt":"2025-02-07T20:38:46","slug":"formulaire-de-demande-dacces","status":"publish","type":"page","link":"https:\/\/mail.irnpqeo.ca\/fr\/chercheurs\/formulaire-de-demande-dacces\/","title":{"rendered":"Formulaire de demande d\u2019acc\u00e8s"},"content":{"rendered":"<p>Pour de l\u2019information sur notre proc\u00e9dure de demande d\u2019acc\u00e8s aux donn\u00e9es et au mat\u00e9riel biologique de la Cohorte 3D, veuillez consulter notre formulaire de demande d&rsquo;acc\u00e8s aux donn\u00e9es :\u00a0<a href=\"\/wordpress\/wp-content\/uploads\/2018\/07\/Demande-etude-affiliee-IRNPQEO-2025-01.docx\">Demande etude affiliee IRNPQEO-2025-01<\/a><\/p>\n","protected":false},"excerpt":{"rendered":"<p>Pour de l\u2019information sur notre proc\u00e9dure de demande d\u2019acc\u00e8s aux donn\u00e9es et au mat\u00e9riel biologique de la Cohorte 3D, veuillez [&hellip;]<\/p>\n","protected":false},"author":1,"featured_media":0,"parent":85,"menu_order":0,"comment_status":"closed","ping_status":"closed","template":"","meta":{"footnotes":""},"class_list":["post-91","page","type-page","status-publish","hentry"],"_links":{"self":[{"href":"https:\/\/mail.irnpqeo.ca\/fr\/wp-json\/wp\/v2\/pages\/91","targetHints":{"allow":["GET"]}}],"collection":[{"href":"https:\/\/mail.irnpqeo.ca\/fr\/wp-json\/wp\/v2\/pages"}],"about":[{"href":"https:\/\/mail.irnpqeo.ca\/fr\/wp-json\/wp\/v2\/types\/page"}],"author":[{"embeddable":true,"href":"https:\/\/mail.irnpqeo.ca\/fr\/wp-json\/wp\/v2\/users\/1"}],"replies":[{"embeddable":true,"href":"https:\/\/mail.irnpqeo.ca\/fr\/wp-json\/wp\/v2\/comments?post=91"}],"version-history":[{"count":10,"href":"https:\/\/mail.irnpqeo.ca\/fr\/wp-json\/wp\/v2\/pages\/91\/revisions"}],"predecessor-version":[{"id":4680,"href":"https:\/\/mail.irnpqeo.ca\/fr\/wp-json\/wp\/v2\/pages\/91\/revisions\/4680"}],"up":[{"embeddable":true,"href":"https:\/\/mail.irnpqeo.ca\/fr\/wp-json\/wp\/v2\/pages\/85"}],"wp:attachment":[{"href":"https:\/\/mail.irnpqeo.ca\/fr\/wp-json\/wp\/v2\/media?parent=91"}],"curies":[{"name":"wp","href":"https:\/\/api.w.org\/{rel}","templated":true}]}}