{"id":87,"date":"2018-07-27T19:18:03","date_gmt":"2018-07-27T19:18:03","guid":{"rendered":"https:\/\/irnpqeo.ca\/?page_id=87"},"modified":"2021-11-19T17:26:44","modified_gmt":"2021-11-19T17:26:44","slug":"description-des-etudes-affiliees","status":"publish","type":"page","link":"https:\/\/mail.irnpqeo.ca\/fr\/chercheurs\/description-des-etudes-affiliees\/","title":{"rendered":"Description des \u00e9tudes affili\u00e9es"},"content":{"rendered":"<p>Voici les \u00e9tudes affili\u00e9es approuv\u00e9es \u00e0 ce jour :<\/p>\n<ol>\n<li><strong>Transmission p\u00e9rinatale du virus du papillome humain (VPH) et risque de persistance du VPH chez les enfants\u00a0: une \u00e9tude de cohorte pilote.<\/strong><br \/>\nChercheuse principale : Helen Trottier, Universit\u00e9 de Montr\u00e9al<br \/>\nChercheurs associ\u00e9s\u00a0: Fran\u00e7ois Coutl\u00e9e, Marie-H\u00e9l\u00e8ne Mayrand, William D. Fraser, Patricia Monnier<\/li>\n<li><strong>Association entre l\u2019apn\u00e9e-hypopn\u00e9e obstructive du sommeil chez la m\u00e8re et un nouveau-n\u00e9 de petit poids pour l&rsquo;\u00e2ge gestationnel.<\/strong><br \/>\nChercheur principal\u00a0: John Kimoff, Universit\u00e9 McGill<br \/>\nChercheurs associ\u00e9s : Isabelle Marc, Fr\u00e9d\u00e9ric Series<\/li>\n<li><strong>\u00c9tude de l\u2019incidence de la toxoplasmose et de l\u2019infection \u00e0 cytom\u00e9galovirus chez les femmes enceintes.<\/strong><br \/>\nCo-Chercheurs principaux\u00a0: Val\u00e9rie Lamarre, Universit\u00e9 de Montr\u00e9al\u00a0; Nicolas Gilbert, Sant\u00e9 Canada<br \/>\nChercheurs associ\u00e9s\u00a0: Theresa Gyorkos, William D. Fraser<\/li>\n<li><strong>\u00c9valuation de l&rsquo;activit\u00e9 physique et de la s\u00e9dentarit\u00e9 chez les enfants de la cohorte 3D \u00e0 l&rsquo;\u00e2ge de 2 ans.<\/strong><br \/>\nCo-chercheurs principaux : Isabelle Marc et Mich\u00e8le Bisson, Universit\u00e9 Laval<\/li>\n<li><strong>\u00c9lucider l&rsquo;implication de la voie de signalisation nodale dans la pathogen\u00e8se du dysfonctionnement placentaire conduisant \u00e0 une naissance pr\u00e9matur\u00e9e ou \u00e0 une pr\u00e9\u00e9clampsie.<\/strong><br \/>\nChercheur principal\u00a0: Daniel Dufort, Universit\u00e9 McGill<br \/>\nChercheur associ\u00e9e\u00a0: Patricia Monnier<\/li>\n<li><strong>\u00c9tude du stress maternel, de la d\u00e9pression et de l&rsquo;anxi\u00e9t\u00e9 pendant la grossesse en lien avec le d\u00e9veloppement \u00e9motif et cognitif de l\u2019enfant\u00a0: Une \u00e9tude des m\u00e9canismes psychosociaux et biologiques.<\/strong><br \/>\nChercheuse principale\u00a0: Catherine Herba, Universit\u00e9 du Qu\u00e9bec \u00e0 Montr\u00e9al<br \/>\nChercheurs associ\u00e9s\u00a0: William Fraser, Sarah Lipp\u00e9, Sonia Lupien, Gina Muckle, Jean S\u00e9guin, Cathy Vaillancourt, Natalie Castellanos, Vivette Glover, Marie-No\u00eblle Simard, Gabriel Shapiro, Nathalie Houlfort, Clemens Kirschbaum<\/li>\n<li><strong>D\u00e9fis pour l&rsquo;enfant vuln\u00e9rable dans les transitions de l&rsquo;\u00e9cole maternelle \u00e0 l&rsquo;\u00e9cole primaire dans une cohorte de grossesse (\u00c9tude Transition).<\/strong><br \/>\nChercheurs principaux\u00a0: Jean Seguin, Universit\u00e9 de Montr\u00e9al et Sophie Parent, Universit\u00e9 de Montr\u00e9al<br \/>\nChercheurs associ\u00e9s\u00a0: Gina Muckle, Sonia Lupien, William D Fraser, Michel Boivin<\/li>\n<li><strong>Gestion des comportements au pr\u00e9scolaire et pr\u00e9paration \u00e0 l\u2019entr\u00e9e \u00e0 l\u2019\u00e9cole<\/strong><br \/>\nChercheuse principale\u00a0: Natalie Castellanos-Ryan, Universit\u00e9 de Montr\u00e9al<br \/>\nChercheurs associ\u00e9s\u00a0: Jean S\u00e9guin, William Fraser, Sophie Parent, Leila Ben Amor, Benoit Masse<\/li>\n<li><strong>La contribution des p\u00e8res aux trajectoires neuroendocriniennes et neurod\u00e9veloppementales de leurs enfants.<\/strong><br \/>\nChercheuse principale\u00a0: Tuong-Vi Nguyen, Universit\u00e9 McGill<br \/>\nChercheurs associ\u00e9s\u00a0: Marie Brossard-Racine, Patricia Monnier, Anna Naumova, Jacquetta Trasler, Sophie Parent, Simon Ducharme, Jean Seguin<\/li>\n<li><strong>D\u00e9veloppement d&rsquo;un panel de microARN pour le d\u00e9pistage pr\u00e9coce du diab\u00e8te gestationnel.<\/strong><br \/>\nChercheur principal\u00a0: Luigi Bouchard, Universit\u00e9 de Sherbrooke<br \/>\nChercheurs associ\u00e9s\u00a0: Ren\u00e9e Gu\u00e9rin, Patrice Perron, Marie-France Hivet, Michelle Scott<\/li>\n<li><strong>Parler \u00e0 la maison et \u00e0 l\u2019\u00e9cole: La trajectoire d\u00e9veloppementale du langage oral chez les jeunes enfants qui parlent des langues minoritaires<\/strong><br \/>\nChercheuse principale: Andrea MacLeod, Universit\u00e9 d&rsquo;Alberta<br \/>\nChercheurs associ\u00e9s: Jean S\u00e9guin, Sophie Parent, Natalie Castellanos Ryan<\/li>\n<li><strong>L&rsquo;inflammation intra-ut\u00e9rine en tant que d\u00e9terminant des r\u00e9sultats de la grossesse et de la sant\u00e9 de l&rsquo;enfant<\/strong><br \/>\nChercheur principal\u00a0: Alan Rosenberg, Universit\u00e9 de Saskatchewan<br \/>\nCo-chercheurs\u00a0: Darryl Adamko, Mara Erlandson, John Gordon , Munier Nour ,Mark Inman,\u00a0 et al.<\/li>\n<li><strong>Variations \u00e9pig\u00e9n\u00e9tiques placentaires associ\u00e9es \u00e0 l&rsquo;adiposit\u00e9 dans la petite enfance : une \u00e9tude de r\u00e9plication dans la cohorte 3D.<\/strong> Chercheur principal: Luigi Bouchard, Universit\u00e9 de Sherbrooke. Chercheurs associ\u00e9s: Val\u00e9rie Gagn\u00e9-Ouellet, Marie-France Hivert, Patrice Perron.<\/li>\n<li><strong>Troubles respiratoires du sommeil maternel pendant la grossesse et r\u00e9sultats de sant\u00e9 \u00e0 long terme chez les enfants : la cohorte de grossesse et de naissance en 3D<\/strong>. Chercheuse principale: S. Pamidi , Universit\u00e9 McGill. Chercheurs associ\u00e9s: E. Constantin, N. Huynh, J. S\u00e9guin, I. Marc, W. Fraser, A. Benedetti, F. S\u00e9ri\u00e8s , R.J. Kimoff<\/li>\n<li><strong>Infection non primaire \u00e0 cytom\u00e9galovirus pendant la grossesse au Qu\u00e9bec : pr\u00e9valence, facteurs de risque, cons\u00e9quences sur la grossesse et le nouveau-n\u00e9<\/strong>. Chercheuse principale: Isabelle Boucoiran,\u00a0 Universit\u00e9 de Montr\u00e9al. Chercheurs associ\u00e9s: Safari Joseph Balegamire,\u00a0 Christian Renaud, Val\u00e9rie Lamarre, Beno\u00eet M\u00e2sse, Yves Gigu\u00e8re<\/li>\n<li><strong>S\u00e9curit\u00e9 et efficacit\u00e9 du vaccin antigrippal pendant la grossesse<\/strong>. Chercheuse principale: Anick B\u00e9rard, Universit\u00e9 de Montr\u00e9al. Chercheurs associ\u00e9s: Sasha Bernatsky, Mark Walker, William Fraser<\/li>\n<li><strong>Harmonisation de l&rsquo;exposition pr\u00e9natale \u00e0 l&rsquo;alcool dans les cohortes canadiennes \u00e0 l&rsquo;aide du catalogue Maelstrom ReACH<\/strong>.\u00a0Chercheur principal: Alan Bocking, Universit\u00e9 de Toronto. Chercheuses associ\u00e9es: Isabel Fortier, Sonia Anand, Nicole Letourneau<\/li>\n<li><strong>Effets de la prise d\u2019antid\u00e9presseurs pendant la grossesse sur le d\u00e9veloppement psychomoteur, mental et langagier de l\u2019enfant \u00e0 2 ans.<\/strong> Chercheuse principale: Gina Mucke, Universit\u00e9 Laval. Chercheuse associ\u00e9e: No\u00e9mie Tanguay<\/li>\n<li><strong>La relation bidirectionnelle entre la d\u00e9pression maternelle et la relation affective m\u00e8re-enfant: le r\u00f4le mod\u00e9rateur de l\u2019allaitement<\/strong>. Chercheuse principale: Natalie Castellanos-Ryan, Universit\u00e9 de Montr\u00e9al.\u00a0Chercheuse associ\u00e9e: \u00c9lizabeth Morin<\/li>\n<li><strong>Impact de l&rsquo;exposition pr\u00e9natale au stress sur la naissance pr\u00e9matur\u00e9e et le d\u00e9veloppement des tout-petits: <\/strong>\u00e9tude de ReACH\/EUCAN Connect utilisant les donn\u00e9es de plusieurs cohortes de naissance. Chercheuse principale: Isabel Fortier, Universit\u00e9 McGill. Chercheuses associ\u00e9s:\u00a0 Julie Bergeron, Anne-Marie Nybo Andersen<\/li>\n<li><strong>Caract\u00e9ristiques psychologiques maternelles et gain de poids pendant la gestation<\/strong>. Chercheur principale: William Fraser, Universit\u00e9 de Sherbrooke. Chercheurs associ\u00e9s: Jean Patrice Baillargeon, Isabelle Hardy<\/li>\n<li><strong>L&rsquo;exposome urbain au d\u00e9but de la vie et les fonctions motrices et cognitives chez l&rsquo;enfant.<\/strong> Chercheuse principale: Monica Guxens, Barcelona Institute for Global Health. Chercheurs associ\u00e9s: Anne Claire Binter, Martine Shareck, William Fraser<\/li>\n<\/ol>\n","protected":false},"excerpt":{"rendered":"<p>Voici les \u00e9tudes affili\u00e9es approuv\u00e9es \u00e0 ce jour : Transmission p\u00e9rinatale du virus du papillome humain (VPH) et risque de [&hellip;]<\/p>\n","protected":false},"author":1,"featured_media":0,"parent":85,"menu_order":0,"comment_status":"closed","ping_status":"closed","template":"","meta":{"footnotes":""},"class_list":["post-87","page","type-page","status-publish","hentry"],"_links":{"self":[{"href":"https:\/\/mail.irnpqeo.ca\/fr\/wp-json\/wp\/v2\/pages\/87","targetHints":{"allow":["GET"]}}],"collection":[{"href":"https:\/\/mail.irnpqeo.ca\/fr\/wp-json\/wp\/v2\/pages"}],"about":[{"href":"https:\/\/mail.irnpqeo.ca\/fr\/wp-json\/wp\/v2\/types\/page"}],"author":[{"embeddable":true,"href":"https:\/\/mail.irnpqeo.ca\/fr\/wp-json\/wp\/v2\/users\/1"}],"replies":[{"embeddable":true,"href":"https:\/\/mail.irnpqeo.ca\/fr\/wp-json\/wp\/v2\/comments?post=87"}],"version-history":[{"count":8,"href":"https:\/\/mail.irnpqeo.ca\/fr\/wp-json\/wp\/v2\/pages\/87\/revisions"}],"predecessor-version":[{"id":1648,"href":"https:\/\/mail.irnpqeo.ca\/fr\/wp-json\/wp\/v2\/pages\/87\/revisions\/1648"}],"up":[{"embeddable":true,"href":"https:\/\/mail.irnpqeo.ca\/fr\/wp-json\/wp\/v2\/pages\/85"}],"wp:attachment":[{"href":"https:\/\/mail.irnpqeo.ca\/fr\/wp-json\/wp\/v2\/media?parent=87"}],"curies":[{"name":"wp","href":"https:\/\/api.w.org\/{rel}","templated":true}]}}