{"id":85,"date":"2018-07-27T19:17:24","date_gmt":"2018-07-27T19:17:24","guid":{"rendered":"https:\/\/irnpqeo.ca\/?page_id=85"},"modified":"2018-10-05T19:26:55","modified_gmt":"2018-10-05T19:26:55","slug":"chercheurs","status":"publish","type":"page","link":"https:\/\/mail.irnpqeo.ca\/fr\/chercheurs\/","title":{"rendered":"Chercheurs"},"content":{"rendered":"<p><a href=\"\/wordpress\/wp-content\/uploads\/2018\/09\/dna-1903318.jpg\"><img decoding=\"async\" class=\"size-medium wp-image-215 alignright\" src=\"https:\/\/www.irnpqeo.ca\/wordpress\/wp-content\/uploads\/2018\/09\/dna-1903318-300x169.jpg\" alt=\"\" width=\"300\" height=\"169\" srcset=\"https:\/\/mail.irnpqeo.ca\/wordpress\/wp-content\/uploads\/2018\/09\/dna-1903318-300x169.jpg 300w, https:\/\/mail.irnpqeo.ca\/wordpress\/wp-content\/uploads\/2018\/09\/dna-1903318-768x432.jpg 768w, https:\/\/mail.irnpqeo.ca\/wordpress\/wp-content\/uploads\/2018\/09\/dna-1903318-1024x576.jpg 1024w, https:\/\/mail.irnpqeo.ca\/wordpress\/wp-content\/uploads\/2018\/09\/dna-1903318.jpg 1920w\" sizes=\"(max-width: 300px) 100vw, 300px\" \/><\/a>La plateforme de recherche de l\u2019IRNPQEO comprend une banque de donn\u00e9es et une banque de mat\u00e9riel biologique.\u00a0 L\u2019\u00e9tendue des donn\u00e9es et des \u00e9chantillons biologiques contenus dans la Biobanque font de cette Plateforme une ressource importante pour des recherches futures en lien avec le d\u00e9roulement de la grossesse et l\u2019impact de la sant\u00e9 de la m\u00e8re et du p\u00e8re sur le d\u00e9veloppement de l\u2019enfant.<\/p>\n<p>L\u2019IRNPQEO est ouvert \u00e0 accepter des projets de recherche qui correspondent \u00e0 ses th\u00e9matiques sans pour autant nuire aux projets en cours. Un chercheur ou un groupe de chercheurs peuvent d\u00e9poser une demande \u00e0 l\u2019IRNPQEO afin de proposer un <a href=\"https:\/\/www.irnpqeo.ca\/fr\/chercheurs\/description-des-etudes-affiliees\/\">projet d\u2019\u00e9tude affili\u00e9e<\/a>.<\/p>\n<p>Cliquez sur les liens du menu de droite pour en savoir plus sur <a href=\"https:\/\/www.irnpqeo.ca\/fr\/chercheurs\/description-des-etudes-affiliees\/\">les \u00e9tudes affili\u00e9es<\/a> compl\u00e9t\u00e9es et en cours et avoir un aper\u00e7u des proc\u00e9dures de <a href=\"https:\/\/www.irnpqeo.ca\/fr\/chercheurs\/formulaire-de-demande-dacces\/\">demande d\u2019acc\u00e8s<\/a> \u00e0 la Biobanque.<\/p>\n<p>Pour toutes questions ou commentaires, n\u2019h\u00e9sitez pas \u00e0 <a href=\"\/fr\/contact\/\">nous contacter<\/a>.<\/p>\n<p>En tant que chercheur de l\u2019IRNPQEO, vous pouvez demander acc\u00e8s \u00e0 <a href=\"http:\/\/www.irnpqeo.ca\/fr\/chercheurs\/zone-protegee\/\">la zone prot\u00e9g\u00e9e<\/a>.<\/p>\n","protected":false},"excerpt":{"rendered":"<p>La plateforme de recherche de l\u2019IRNPQEO comprend une banque de donn\u00e9es et une banque de mat\u00e9riel biologique.\u00a0 L\u2019\u00e9tendue des donn\u00e9es [&hellip;]<\/p>\n","protected":false},"author":1,"featured_media":0,"parent":0,"menu_order":0,"comment_status":"closed","ping_status":"closed","template":"","meta":{"footnotes":""},"class_list":["post-85","page","type-page","status-publish","hentry"],"_links":{"self":[{"href":"https:\/\/mail.irnpqeo.ca\/fr\/wp-json\/wp\/v2\/pages\/85","targetHints":{"allow":["GET"]}}],"collection":[{"href":"https:\/\/mail.irnpqeo.ca\/fr\/wp-json\/wp\/v2\/pages"}],"about":[{"href":"https:\/\/mail.irnpqeo.ca\/fr\/wp-json\/wp\/v2\/types\/page"}],"author":[{"embeddable":true,"href":"https:\/\/mail.irnpqeo.ca\/fr\/wp-json\/wp\/v2\/users\/1"}],"replies":[{"embeddable":true,"href":"https:\/\/mail.irnpqeo.ca\/fr\/wp-json\/wp\/v2\/comments?post=85"}],"version-history":[{"count":6,"href":"https:\/\/mail.irnpqeo.ca\/fr\/wp-json\/wp\/v2\/pages\/85\/revisions"}],"predecessor-version":[{"id":545,"href":"https:\/\/mail.irnpqeo.ca\/fr\/wp-json\/wp\/v2\/pages\/85\/revisions\/545"}],"wp:attachment":[{"href":"https:\/\/mail.irnpqeo.ca\/fr\/wp-json\/wp\/v2\/media?parent=85"}],"curies":[{"name":"wp","href":"https:\/\/api.w.org\/{rel}","templated":true}]}}