{"id":83,"date":"2018-07-27T19:15:57","date_gmt":"2018-07-27T19:15:57","guid":{"rendered":"https:\/\/irnpqeo.ca\/?page_id=83"},"modified":"2018-09-28T19:49:01","modified_gmt":"2018-09-28T19:49:01","slug":"participantes","status":"publish","type":"page","link":"https:\/\/mail.irnpqeo.ca\/fr\/participantes\/","title":{"rendered":"Participantes"},"content":{"rendered":"<p>\u00c0 toutes nos participantes de l\u2019\u00e9tude,<\/p>\n<p>Le succ\u00e8s de l\u2019\u00e9tude n\u2019aurait pas \u00e9t\u00e9 possible sans votre engagement \u00e0 participer. Ce que vous avez fourni durant et apr\u00e8s votre grossesse aidera \u00e0 faire avancer les connaissances sur la sant\u00e9 de la m\u00e8re et de l\u2019enfant. Un grand merci \u00e0 toutes\u00a0!<\/p>\n<p><img decoding=\"async\" class=\"size-medium wp-image-507 alignright\" src=\"\/wordpress\/wp-content\/uploads\/2018\/09\/enfant-kid-play-300x200.jpg\" alt=\"\" width=\"300\" height=\"200\" srcset=\"https:\/\/mail.irnpqeo.ca\/wordpress\/wp-content\/uploads\/2018\/09\/enfant-kid-play-300x200.jpg 300w, https:\/\/mail.irnpqeo.ca\/wordpress\/wp-content\/uploads\/2018\/09\/enfant-kid-play-768x512.jpg 768w, https:\/\/mail.irnpqeo.ca\/wordpress\/wp-content\/uploads\/2018\/09\/enfant-kid-play-1024x683.jpg 1024w, https:\/\/mail.irnpqeo.ca\/wordpress\/wp-content\/uploads\/2018\/09\/enfant-kid-play.jpg 5614w\" sizes=\"(max-width: 300px) 100vw, 300px\" \/><\/p>\n<p>Vous avez fait preuve d\u2019une grande g\u00e9n\u00e9rosit\u00e9 depuis le d\u00e9but de cette \u00e9tude, nous savons \u00e0 quel point la vie quotidienne peut \u00eatre charg\u00e9e.<\/p>\n<p>Nous voulons, par le biais de ce site Web, \u00e9tablir un lien avec vous et votre famille pour que nous puissions vous faire b\u00e9n\u00e9ficier des connaissances scientifiques qui seront acquises gr\u00e2ce \u00e0 la cohorte 3D.<\/p>\n<p>Vous avez d\u00e9m\u00e9nag\u00e9 r\u00e9cemment ou chang\u00e9 de t\u00e9l\u00e9phone ou d\u2019adresse courriel\u00a0? <a href=\"http:\/\/www.irnpqeo.ca\/fr\/participantes\/coordonnees\/\">Nous aimerions en \u00eatre inform\u00e9s<\/a>.<\/p>\n<p>Si vous cr\u00e9ez un compte, vous pourrez acc\u00e9der \u00e0 cette <a href=\"http:\/\/www.irnpqeo.ca\/fr\/participantes\/zone-protegee\/\">zone prot\u00e9g\u00e9e<\/a>, o\u00f9 nous postons de l\u2019information qui vous est plus sp\u00e9cifiquement destin\u00e9e, incluant nos Infolettres annuelles.<\/p>\n<p>Au plaisir d\u2019avoir de vos nouvelles,<\/p>\n<p>L\u2019\u00e9quipe de coordination<\/p>\n","protected":false},"excerpt":{"rendered":"<p>\u00c0 toutes nos participantes de l\u2019\u00e9tude, Le succ\u00e8s de l\u2019\u00e9tude n\u2019aurait pas \u00e9t\u00e9 possible sans votre engagement \u00e0 participer. Ce [&hellip;]<\/p>\n","protected":false},"author":1,"featured_media":0,"parent":0,"menu_order":0,"comment_status":"closed","ping_status":"closed","template":"","meta":{"footnotes":""},"class_list":["post-83","page","type-page","status-publish","hentry"],"_links":{"self":[{"href":"https:\/\/mail.irnpqeo.ca\/fr\/wp-json\/wp\/v2\/pages\/83","targetHints":{"allow":["GET"]}}],"collection":[{"href":"https:\/\/mail.irnpqeo.ca\/fr\/wp-json\/wp\/v2\/pages"}],"about":[{"href":"https:\/\/mail.irnpqeo.ca\/fr\/wp-json\/wp\/v2\/types\/page"}],"author":[{"embeddable":true,"href":"https:\/\/mail.irnpqeo.ca\/fr\/wp-json\/wp\/v2\/users\/1"}],"replies":[{"embeddable":true,"href":"https:\/\/mail.irnpqeo.ca\/fr\/wp-json\/wp\/v2\/comments?post=83"}],"version-history":[{"count":4,"href":"https:\/\/mail.irnpqeo.ca\/fr\/wp-json\/wp\/v2\/pages\/83\/revisions"}],"predecessor-version":[{"id":510,"href":"https:\/\/mail.irnpqeo.ca\/fr\/wp-json\/wp\/v2\/pages\/83\/revisions\/510"}],"wp:attachment":[{"href":"https:\/\/mail.irnpqeo.ca\/fr\/wp-json\/wp\/v2\/media?parent=83"}],"curies":[{"name":"wp","href":"https:\/\/api.w.org\/{rel}","templated":true}]}}