{"id":46,"date":"2018-07-27T17:36:10","date_gmt":"2018-07-27T17:36:10","guid":{"rendered":"https:\/\/irnpqeo.ca\/?page_id=46"},"modified":"2018-09-21T20:05:54","modified_gmt":"2018-09-21T20:05:54","slug":"biobanque","status":"publish","type":"page","link":"https:\/\/mail.irnpqeo.ca\/fr\/a-propos\/biobanque\/","title":{"rendered":"Biobanque IRNPQEO"},"content":{"rendered":"<h3>Qu\u2019est-ce que la Biobanque de l\u2019IRNPQEO\u00a0?<\/h3>\n<p>La Biobanque l\u2019IRNPQEO compte plus de 200,000 sp\u00e9cimens biologiques collect\u00e9s et elle compte \u00e9galement des donn\u00e9es provenant de trentaines de questionnaires compl\u00e9t\u00e9s durant l\u2019\u00e9tude 3D.<\/p>\n<p>Les chercheurs de la communaut\u00e9 scientifique peuvent demander acc\u00e8s \u00e0 la Biobanque. Les projets doivent d\u2019abord \u00eatre soumis Comit\u00e9 des \u00e9tudes affili\u00e9es de l\u2019IRNPQEO, pour approbation.<\/p>\n<p>Pour plus d\u2019information sur la proc\u00e9dure de demande d\u2019acc\u00e8s, voir la section <a href=\"http:\/\/www.irnpqeo.ca\/fr\/chercheurs\/\">Chercheurs<\/a>.<\/p>\n","protected":false},"excerpt":{"rendered":"<p>Qu\u2019est-ce que la Biobanque de l\u2019IRNPQEO\u00a0? La Biobanque l\u2019IRNPQEO compte plus de 200,000 sp\u00e9cimens biologiques collect\u00e9s et elle compte \u00e9galement [&hellip;]<\/p>\n","protected":false},"author":1,"featured_media":0,"parent":33,"menu_order":0,"comment_status":"closed","ping_status":"closed","template":"","meta":{"footnotes":""},"class_list":["post-46","page","type-page","status-publish","hentry"],"_links":{"self":[{"href":"https:\/\/mail.irnpqeo.ca\/fr\/wp-json\/wp\/v2\/pages\/46","targetHints":{"allow":["GET"]}}],"collection":[{"href":"https:\/\/mail.irnpqeo.ca\/fr\/wp-json\/wp\/v2\/pages"}],"about":[{"href":"https:\/\/mail.irnpqeo.ca\/fr\/wp-json\/wp\/v2\/types\/page"}],"author":[{"embeddable":true,"href":"https:\/\/mail.irnpqeo.ca\/fr\/wp-json\/wp\/v2\/users\/1"}],"replies":[{"embeddable":true,"href":"https:\/\/mail.irnpqeo.ca\/fr\/wp-json\/wp\/v2\/comments?post=46"}],"version-history":[{"count":3,"href":"https:\/\/mail.irnpqeo.ca\/fr\/wp-json\/wp\/v2\/pages\/46\/revisions"}],"predecessor-version":[{"id":426,"href":"https:\/\/mail.irnpqeo.ca\/fr\/wp-json\/wp\/v2\/pages\/46\/revisions\/426"}],"up":[{"embeddable":true,"href":"https:\/\/mail.irnpqeo.ca\/fr\/wp-json\/wp\/v2\/pages\/33"}],"wp:attachment":[{"href":"https:\/\/mail.irnpqeo.ca\/fr\/wp-json\/wp\/v2\/media?parent=46"}],"curies":[{"name":"wp","href":"https:\/\/api.w.org\/{rel}","templated":true}]}}