{"id":35,"date":"2018-07-27T17:28:59","date_gmt":"2018-07-27T17:28:59","guid":{"rendered":"https:\/\/irnpqeo.ca\/?page_id=35"},"modified":"2018-09-24T17:57:23","modified_gmt":"2018-09-24T17:57:23","slug":"etude-3d","status":"publish","type":"page","link":"https:\/\/mail.irnpqeo.ca\/fr\/a-propos\/etude-3d\/","title":{"rendered":"Aper\u00e7u de l\u2019\u00c9tude 3D"},"content":{"rendered":"<h3>\u00c9tude 3D \u2013 D\u00e9couvrir, D\u00e9velopper, Devenir<\/h3>\n<p><img decoding=\"async\" class=\"alignleft wp-image-62\" src=\"\/wordpress\/wp-content\/uploads\/2018\/07\/Logo-3D-300x148.jpg\" alt=\"\" width=\"380\" height=\"187\" srcset=\"https:\/\/mail.irnpqeo.ca\/wordpress\/wp-content\/uploads\/2018\/07\/Logo-3D-300x148.jpg 300w, https:\/\/mail.irnpqeo.ca\/wordpress\/wp-content\/uploads\/2018\/07\/Logo-3D-768x378.jpg 768w, https:\/\/mail.irnpqeo.ca\/wordpress\/wp-content\/uploads\/2018\/07\/Logo-3D-1024x504.jpg 1024w, https:\/\/mail.irnpqeo.ca\/wordpress\/wp-content\/uploads\/2018\/07\/Logo-3D.jpg 1850w\" sizes=\"(max-width: 380px) 100vw, 380px\" \/>La p\u00e9riode p\u00e9rinatale, qui comprend les semaines pr\u00e9-grossesse, la grossesse en elle-m\u00eame et les 24 premiers mois de vie du nourrisson, est un moment charni\u00e8re dans la vie d\u2019un humain.<\/p>\n<p>Les \u00e9tudes ont d\u00e9montr\u00e9 qu\u2019une bonne sant\u00e9 de la m\u00e8re et de l\u2019enfant pendant la p\u00e9riode p\u00e9rinatale r\u00e9duit consid\u00e9rablement les probl\u00e8mes de sant\u00e9 durant toute la vie de l\u2019enfant.<\/p>\n<p>C\u2019est pourquoi l\u2019\u00c9tude 3D (D\u00e9couvrir, D\u00e9velopper, Devenir) de l\u2019IRNPQEO cherche \u00e0 mieux comprendre l\u2019effet de diff\u00e9rents facteurs d\u2019exposition sur le d\u00e9roulement de la grossesse, la sant\u00e9 de la m\u00e8re et du p\u00e8re et le d\u00e9veloppement de l\u2019enfant.\u00a0 Ces facteurs d\u2019exposition sont, par exemple : les habitudes de vie, l\u2019h\u00e9r\u00e9dit\u00e9, l\u2019alimentation, l\u2019emploi, la situation familiale, etc.<\/p>\n<p>L\u2019\u00e9tude 3D s\u2019int\u00e9resse particuli\u00e8rement \u00e0 quatre grands th\u00e8mes de recherche en p\u00e9rinatalit\u00e9 ainsi qu\u2019\u00e0 des projets transversaux.<\/p>\n<p><img decoding=\"async\" class=\"aligncenter size-full wp-image-36\" src=\"\/wordpress\/wp-content\/uploads\/2018\/07\/thematiques-irnpqeo.png\" alt=\"\" width=\"884\" height=\"623\" srcset=\"https:\/\/mail.irnpqeo.ca\/wordpress\/wp-content\/uploads\/2018\/07\/thematiques-irnpqeo.png 884w, https:\/\/mail.irnpqeo.ca\/wordpress\/wp-content\/uploads\/2018\/07\/thematiques-irnpqeo-300x211.png 300w, https:\/\/mail.irnpqeo.ca\/wordpress\/wp-content\/uploads\/2018\/07\/thematiques-irnpqeo-768x541.png 768w\" sizes=\"(max-width: 884px) 100vw, 884px\" \/><\/p>\n<p>Afin d\u2019atteindre ces objectifs, l\u2019\u00e9tude 3D a constitu\u00e9 une cohorte (m\u00e8re-p\u00e8re-enfant) et en a assur\u00e9 le suivi jusqu\u2019\u00e0 l\u2019\u00e2ge de deux ans des enfants.\u00a0 Des donn\u00e9es et du mat\u00e9riel biologique (\u00e9chantillons) sont recueillis de cette cohorte afin de constituer une banque de donn\u00e9es ainsi qu\u2019une banque de mat\u00e9riel biologique (aussi appel\u00e9e biobanque). Ces informations serviront \u00e0 alimenter les \u00e9tudes pr\u00e9vues par l\u2019\u00e9tude 3D ainsi que les \u00e9tudes affili\u00e9es qui viendront se greffer au fil du temps.<\/p>\n<h3>D\u00e9roulement de l\u2019\u00e9tude de cohorte 3D<\/h3>\n<p><img decoding=\"async\" class=\"aligncenter size-full wp-image-37\" src=\"\/wordpress\/wp-content\/uploads\/2018\/07\/deroulement-3d.png\" alt=\"\" width=\"1285\" height=\"704\" srcset=\"https:\/\/mail.irnpqeo.ca\/wordpress\/wp-content\/uploads\/2018\/07\/deroulement-3d.png 1285w, https:\/\/mail.irnpqeo.ca\/wordpress\/wp-content\/uploads\/2018\/07\/deroulement-3d-300x164.png 300w, https:\/\/mail.irnpqeo.ca\/wordpress\/wp-content\/uploads\/2018\/07\/deroulement-3d-768x421.png 768w, https:\/\/mail.irnpqeo.ca\/wordpress\/wp-content\/uploads\/2018\/07\/deroulement-3d-1024x561.png 1024w\" sizes=\"(max-width: 1285px) 100vw, 1285px\" \/><\/p>\n<p><strong>Qui a particip\u00e9\u00a0?<\/strong> 2 366 femmes enceintes leurs conjoints et leurs enfants jusqu\u2019\u00e0 l\u2019\u00e2ge de deux ans ont particip\u00e9 \u00e0 l\u2019\u00e9tude<\/p>\n<p><strong>O\u00f9\u00a0?\u00a0<\/strong> Dans 9 centres : 7 \u00e0 Montr\u00e9al, 1 \u00e0 Qu\u00e9bec et 1 \u00e0 Sherbrooke<\/p>\n<p>L\u2019\u00c9tude de cohorte 3D constitue la \u00ab branche initial\u00bb ou le premier maillon de ce qui nous esp\u00e9rons sera une longue s\u00e9rie d\u2019\u00e9tudes de suivi examinant divers aspects de la sant\u00e9 des enfants 3D \u00e0 mesure qu\u2019ils grandissent. Vous trouverez un aper\u00e7u de ces \u00e9tudes dans les sections : <a href=\"#\">\u00c9tude de suivi 3D<\/a> et <a href=\"#\">Autres \u00e9tudes en cours<\/a>.<\/p>\n<p>Le r\u00e9seau IRNPQEO et l\u2019\u00c9tude 3D ont \u00e9t\u00e9 financ\u00e9s par les Instituts de recherche en sant\u00e9 du Canada.<\/p>\n<p><strong>Les chercheurs qui ont d\u00e9velopp\u00e9 cette \u00e9tude :\u00a0<\/strong><em>Fraser, William &#8211; Universit\u00e9 de Sherbrooke; Audibert, Fran\u00e7ois \u2013 Universit\u00e9 de Montr\u00e9al; Dubois, Lise \u2013 Universit\u00e9 d\u2019Ottawa; Julien, Pierre \u2013 Universit\u00e9 Laval; Luo, Zhong-Cheng \u2013 Universit\u00e9 de Toronto; Michaud, Jacques \u2013 Universit\u00e9 de Montr\u00e9al;\u00a0 Moutquin, Jean-Marie \u2013 Universit\u00e9 de Sherbrooke; Muckle, Gina \u2013 Universit\u00e9 Laval; S\u00e9guin, Jean \u2013 Universit\u00e9 de Montr\u00e9al; Trasler, Jacquetta \u2013McGill University; Tremblay, Richard Ernest \u2013 Universit\u00e9 de Montr\u00e9al; Abenhaim, Haim \u2013 Universit\u00e9 McGill; B\u00e9dard, Marie-Jos\u00e9e \u2013 Universit\u00e9 de Montr\u00e9al; B\u00e9rard, Annick \u2013 Universit\u00e9 de Montr\u00e9al; Bujold, Emmanuel \u2013 Universit\u00e9 Laval; Gagnon, Robert \u2013 Universit\u00e9 McGill; Girard Isabelle\u2013 Universit\u00e9 McGill; Kibar, Zoha \u2013 Universit\u00e9 de Montr\u00e9al; Marc, Isabelle \u2013 Universit\u00e9\u00a0 Laval; Monnier, Patricia \u2013 Universit\u00e9 McGill; Simard, Marie-Noelle \u2013 Universit\u00e9 de Montr\u00e9al; Pasquier, Jean-Charles \u2013 Universit\u00e9 de Sherbrooke; Welt Michel- Universit\u00e9 de Montr\u00e9al<\/em><\/p>\n","protected":false},"excerpt":{"rendered":"<p>\u00c9tude 3D \u2013 D\u00e9couvrir, D\u00e9velopper, Devenir La p\u00e9riode p\u00e9rinatale, qui comprend les semaines pr\u00e9-grossesse, la grossesse en elle-m\u00eame et les [&hellip;]<\/p>\n","protected":false},"author":1,"featured_media":0,"parent":33,"menu_order":0,"comment_status":"closed","ping_status":"closed","template":"","meta":{"footnotes":""},"class_list":["post-35","page","type-page","status-publish","hentry"],"_links":{"self":[{"href":"https:\/\/mail.irnpqeo.ca\/fr\/wp-json\/wp\/v2\/pages\/35","targetHints":{"allow":["GET"]}}],"collection":[{"href":"https:\/\/mail.irnpqeo.ca\/fr\/wp-json\/wp\/v2\/pages"}],"about":[{"href":"https:\/\/mail.irnpqeo.ca\/fr\/wp-json\/wp\/v2\/types\/page"}],"author":[{"embeddable":true,"href":"https:\/\/mail.irnpqeo.ca\/fr\/wp-json\/wp\/v2\/users\/1"}],"replies":[{"embeddable":true,"href":"https:\/\/mail.irnpqeo.ca\/fr\/wp-json\/wp\/v2\/comments?post=35"}],"version-history":[{"count":11,"href":"https:\/\/mail.irnpqeo.ca\/fr\/wp-json\/wp\/v2\/pages\/35\/revisions"}],"predecessor-version":[{"id":490,"href":"https:\/\/mail.irnpqeo.ca\/fr\/wp-json\/wp\/v2\/pages\/35\/revisions\/490"}],"up":[{"embeddable":true,"href":"https:\/\/mail.irnpqeo.ca\/fr\/wp-json\/wp\/v2\/pages\/33"}],"wp:attachment":[{"href":"https:\/\/mail.irnpqeo.ca\/fr\/wp-json\/wp\/v2\/media?parent=35"}],"curies":[{"name":"wp","href":"https:\/\/api.w.org\/{rel}","templated":true}]}}