{"id":33,"date":"2018-07-27T17:19:08","date_gmt":"2018-07-27T17:19:08","guid":{"rendered":"https:\/\/irnpqeo.ca\/?page_id=33"},"modified":"2025-02-07T19:45:50","modified_gmt":"2025-02-07T19:45:50","slug":"a-propos","status":"publish","type":"page","link":"https:\/\/mail.irnpqeo.ca\/fr\/a-propos\/","title":{"rendered":"\u00c0 propos de l\u2019IRNPQEO"},"content":{"rendered":"<p>Le R\u00e9seau int\u00e9gr\u00e9 de recherche en p\u00e9rinatalit\u00e9 du Qu\u00e9bec et de l\u2019est de l\u2019Ontario (IRNPQEO) est un r\u00e9seau de chercheurs de plusieurs disciplines qui s\u2019int\u00e9ressent particuli\u00e8rement aux enjeux li\u00e9s \u00e0 la sant\u00e9 de la m\u00e8re et de l\u2019enfant.<\/p>\n<p>L\u2019IRNPQEO s\u2019appuie sur la pr\u00e9misse selon laquelle la p\u00e9riode p\u00e9rinatale est la p\u00e9riode \u00ab fondatrice \u00bb de la sant\u00e9 future et du d\u00e9veloppement de l\u2019enfant.<\/p>\n<p>L\u2019IRNPQEO s\u2019int\u00e9resse \u00e0 la sant\u00e9 de la m\u00e8re, du p\u00e8re et de l\u2019enfant dans le contexte de l\u2019\u00e9valuation des effets de la p\u00e9riode p\u00e9rinatale sur la sant\u00e9 et le d\u00e9veloppement de l\u2019enfant.<\/p>\n<p>Par une collaboration transdisciplinaire, l\u2019IRNPQEO veut am\u00e9liorer les connaissances dans la sant\u00e9 p\u00e9rinatale et, ensuite, participer \u00e0 l\u2019int\u00e9gration de ces connaissances aupr\u00e8s des fournisseurs de soins et des responsables de l\u2019\u00e9laboration des politiques sociales.<\/p>\n<p>L\u2019IRNPQEO a constitu\u00e9 une importante banque de donn\u00e9es et de biosp\u00e9cimens mis en r\u00e9serve pour des recherches futures sur la sant\u00e9 des m\u00e8res et de leurs enfants.<\/p>\n<p>Environ 85 % des participantes de l\u2019\u00e9tude 3D (D\u00e9couvrir, D\u00e9velopper, Devenir) ont accept\u00e9 de faire partie de la Biobanque. Vous trouverez un r\u00e9sum\u00e9 des projets qui ont \u00e9t\u00e9 r\u00e9alis\u00e9s \u00e0 partir de la Biobanque dans la section Chercheurs<em>.<\/em><\/p>\n<p>Les chercheurs qui souhaitent avoir acc\u00e8s \u00e0 la Base de donn\u00e9es et \u00e0 la Biobanque IRNPQEO pour \u00e9tudier la sant\u00e9 des m\u00e8res et des enfants, peuvent contacter la Gestionnaire de la Biobanque pour plus d\u2019information sur la proc\u00e9dure d\u2019acc\u00e8s, au 3d.hsj@ssss.gouv.qc.ca ou au (+1) 514-345-4931, poste 3633.<\/p>\n","protected":false},"excerpt":{"rendered":"<p>Le R\u00e9seau int\u00e9gr\u00e9 de recherche en p\u00e9rinatalit\u00e9 du Qu\u00e9bec et de l\u2019est de l\u2019Ontario (IRNPQEO) est un r\u00e9seau de chercheurs [&hellip;]<\/p>\n","protected":false},"author":1,"featured_media":0,"parent":0,"menu_order":0,"comment_status":"closed","ping_status":"closed","template":"","meta":{"footnotes":""},"class_list":["post-33","page","type-page","status-publish","hentry"],"_links":{"self":[{"href":"https:\/\/mail.irnpqeo.ca\/fr\/wp-json\/wp\/v2\/pages\/33","targetHints":{"allow":["GET"]}}],"collection":[{"href":"https:\/\/mail.irnpqeo.ca\/fr\/wp-json\/wp\/v2\/pages"}],"about":[{"href":"https:\/\/mail.irnpqeo.ca\/fr\/wp-json\/wp\/v2\/types\/page"}],"author":[{"embeddable":true,"href":"https:\/\/mail.irnpqeo.ca\/fr\/wp-json\/wp\/v2\/users\/1"}],"replies":[{"embeddable":true,"href":"https:\/\/mail.irnpqeo.ca\/fr\/wp-json\/wp\/v2\/comments?post=33"}],"version-history":[{"count":4,"href":"https:\/\/mail.irnpqeo.ca\/fr\/wp-json\/wp\/v2\/pages\/33\/revisions"}],"predecessor-version":[{"id":4667,"href":"https:\/\/mail.irnpqeo.ca\/fr\/wp-json\/wp\/v2\/pages\/33\/revisions\/4667"}],"wp:attachment":[{"href":"https:\/\/mail.irnpqeo.ca\/fr\/wp-json\/wp\/v2\/media?parent=33"}],"curies":[{"name":"wp","href":"https:\/\/api.w.org\/{rel}","templated":true}]}}