{"id":135,"date":"2018-08-02T02:56:52","date_gmt":"2018-08-02T02:56:52","guid":{"rendered":"https:\/\/irnpqeo.ca\/?page_id=135"},"modified":"2018-08-02T02:56:52","modified_gmt":"2018-08-02T02:56:52","slug":"coordonnees","status":"publish","type":"page","link":"https:\/\/mail.irnpqeo.ca\/fr\/participantes\/coordonnees\/","title":{"rendered":"Vos nouvelles coordonn\u00e9es"},"content":{"rendered":"\n<div class=\"wpcf7 no-js\" id=\"wpcf7-f134-o1\" lang=\"fr-FR\" dir=\"ltr\" data-wpcf7-id=\"134\">\n<div class=\"screen-reader-response\"><p role=\"status\" aria-live=\"polite\" aria-atomic=\"true\"><\/p> <ul><\/ul><\/div>\n<form action=\"\/fr\/wp-json\/wp\/v2\/pages\/135#wpcf7-f134-o1\" method=\"post\" class=\"wpcf7-form init\" aria-label=\"Formulaire de contact\" novalidate=\"novalidate\" data-status=\"init\">\n<fieldset class=\"hidden-fields-container\"><input type=\"hidden\" name=\"_wpcf7\" value=\"134\" \/><input type=\"hidden\" name=\"_wpcf7_version\" value=\"6.1.1\" \/><input type=\"hidden\" name=\"_wpcf7_locale\" value=\"fr_FR\" \/><input type=\"hidden\" name=\"_wpcf7_unit_tag\" value=\"wpcf7-f134-o1\" \/><input type=\"hidden\" name=\"_wpcf7_container_post\" value=\"0\" \/><input type=\"hidden\" name=\"_wpcf7_posted_data_hash\" value=\"\" \/>\n<\/fieldset>\n<h3>Identifiez-vous\n<\/h3>\n<p>Votre nom (obligatoire)\n<\/p>\n<p><span class=\"wpcf7-form-control-wrap\" data-name=\"your-name\"><input size=\"40\" maxlength=\"400\" class=\"wpcf7-form-control wpcf7-text wpcf7-validates-as-required\" aria-required=\"true\" aria-invalid=\"false\" value=\"\" type=\"text\" name=\"your-name\" \/><\/span>\n<\/p>\n<p>S\u00e9lectionnez votre site 3D\n<\/p>\n<p><span class=\"wpcf7-form-control-wrap\" data-name=\"site-3d\"><select class=\"wpcf7-form-control wpcf7-select wpcf7-validates-as-required\" aria-required=\"true\" aria-invalid=\"false\" name=\"site-3d\"><option value=\"\">&#8212;Veuillez choisir une option&#8212;<\/option><option value=\"CHU Sainte-Justine\">CHU Sainte-Justine<\/option><option value=\"CHU Sherbrooke\">CHU Sherbrooke<\/option><option value=\"CHU de Qu\u00e9bec\">CHU de Qu\u00e9bec<\/option><\/select><\/span>\n<\/p>\n<p>&nbsp;\n<\/p>\n<h3>Vos nouvelles coordonn\u00e9es\n<\/h3>\n<p>Adresse courriel\n<\/p>\n<p><span class=\"wpcf7-form-control-wrap\" data-name=\"your-email\"><input size=\"40\" maxlength=\"400\" class=\"wpcf7-form-control wpcf7-email wpcf7-validates-as-required wpcf7-text wpcf7-validates-as-email\" aria-required=\"true\" aria-invalid=\"false\" value=\"\" type=\"email\" name=\"your-email\" \/><\/span>\n<\/p>\n<p>T\u00e9l\u00e9phone maison\n<\/p>\n<p><span class=\"wpcf7-form-control-wrap\" data-name=\"your-phone\"><input size=\"40\" maxlength=\"400\" class=\"wpcf7-form-control wpcf7-text\" aria-invalid=\"false\" value=\"\" type=\"text\" name=\"your-phone\" \/><\/span>\n<\/p>\n<p>T\u00e9l\u00e9phone cellulaire\n<\/p>\n<p><span class=\"wpcf7-form-control-wrap\" data-name=\"your-cell\"><input size=\"40\" maxlength=\"400\" class=\"wpcf7-form-control wpcf7-text\" aria-invalid=\"false\" value=\"\" type=\"text\" name=\"your-cell\" \/><\/span>\n<\/p>\n<p>Adresse postale (num\u00e9ro civique et nom de la rue)\n<\/p>\n<p><span class=\"wpcf7-form-control-wrap\" data-name=\"your-adress\"><input size=\"40\" maxlength=\"400\" class=\"wpcf7-form-control wpcf7-text\" aria-invalid=\"false\" value=\"\" type=\"text\" name=\"your-adress\" \/><\/span>\n<\/p>\n<p>Ville\n<\/p>\n<p><span class=\"wpcf7-form-control-wrap\" data-name=\"your-city\"><input size=\"40\" maxlength=\"400\" class=\"wpcf7-form-control wpcf7-text\" aria-invalid=\"false\" value=\"\" type=\"text\" name=\"your-city\" \/><\/span>\n<\/p>\n<p>Province\n<\/p>\n<p><span class=\"wpcf7-form-control-wrap\" data-name=\"your-province\"><input size=\"40\" maxlength=\"400\" class=\"wpcf7-form-control wpcf7-text\" aria-invalid=\"false\" value=\"\" type=\"text\" name=\"your-province\" \/><\/span>\n<\/p>\n<p>Pays\n<\/p>\n<p><span class=\"wpcf7-form-control-wrap\" data-name=\"your-country\"><input size=\"40\" maxlength=\"400\" class=\"wpcf7-form-control wpcf7-text\" aria-invalid=\"false\" value=\"\" type=\"text\" name=\"your-country\" \/><\/span>\n<\/p>\n<p>Code postal\n<\/p>\n<p><span class=\"wpcf7-form-control-wrap\" data-name=\"your-postal\"><input size=\"40\" maxlength=\"400\" class=\"wpcf7-form-control wpcf7-text\" aria-invalid=\"false\" value=\"\" type=\"text\" name=\"your-postal\" \/><\/span>\n<\/p>\n<p>&nbsp;\n<\/p>\n<p>Nom de votre enfant 3D\n<\/p>\n<p><span class=\"wpcf7-form-control-wrap\" data-name=\"your-child\"><input size=\"40\" maxlength=\"400\" class=\"wpcf7-form-control wpcf7-text\" aria-invalid=\"false\" value=\"\" type=\"text\" name=\"your-child\" \/><\/span>\n<\/p>\n<p>Nom du p\u00e8re de l'enfant\n<\/p>\n<p><span class=\"wpcf7-form-control-wrap\" data-name=\"your-child-father\"><input size=\"40\" maxlength=\"400\" class=\"wpcf7-form-control wpcf7-text\" aria-invalid=\"false\" value=\"\" type=\"text\" name=\"your-child-father\" \/><\/span>\n<\/p>\n<p>Adresse courriel du p\u00e8re de l'enfant\n<\/p>\n<p><span class=\"wpcf7-form-control-wrap\" data-name=\"father-email\"><input size=\"40\" maxlength=\"400\" class=\"wpcf7-form-control wpcf7-text\" aria-invalid=\"false\" value=\"\" type=\"text\" name=\"father-email\" \/><\/span>\n<\/p>\n<p>T\u00e9l\u00e9phone cellulaire du p\u00e8re de l'enfant\n<\/p>\n<p><span class=\"wpcf7-form-control-wrap\" data-name=\"father-phone\"><input size=\"40\" maxlength=\"400\" class=\"wpcf7-form-control wpcf7-text\" aria-invalid=\"false\" value=\"\" type=\"text\" name=\"father-phone\" \/><\/span>\n<\/p>\n<p>&nbsp;\n<\/p>\n<p>Nom d'une personne contact (famille, ami\/amie)\n<\/p>\n<p><span class=\"wpcf7-form-control-wrap\" data-name=\"your-other-contact\"><input size=\"40\" maxlength=\"400\" class=\"wpcf7-form-control wpcf7-text\" aria-invalid=\"false\" value=\"\" type=\"text\" name=\"your-other-contact\" \/><\/span>\n<\/p>\n<p>T\u00e9l\u00e9phone de cette personne\n<\/p>\n<p><span class=\"wpcf7-form-control-wrap\" data-name=\"your-contact-phone\"><input size=\"40\" maxlength=\"400\" class=\"wpcf7-form-control wpcf7-text\" aria-invalid=\"false\" value=\"\" type=\"text\" name=\"your-contact-phone\" \/><\/span>\n<\/p>\n<p>Courriel de cette personne\n<\/p>\n<p><span class=\"wpcf7-form-control-wrap\" data-name=\"your-contact-email\"><input size=\"40\" maxlength=\"400\" class=\"wpcf7-form-control wpcf7-email wpcf7-text wpcf7-validates-as-email\" aria-invalid=\"false\" value=\"\" type=\"email\" name=\"your-contact-email\" \/><\/span>\n<\/p>\n<p>&nbsp;\n<\/p>\n<p>Commentaires\n<\/p>\n<p><span class=\"wpcf7-form-control-wrap\" data-name=\"your-comments\"><textarea cols=\"40\" rows=\"10\" maxlength=\"2000\" class=\"wpcf7-form-control wpcf7-textarea\" aria-invalid=\"false\" name=\"your-comments\"><\/textarea><\/span>\n<\/p>\n<p>&nbsp;\n<\/p>\n<div class=\"wpcf7-turnstile cf-turnstile\" data-sitekey=\"0x4AAAAAABw_1AVRWy28-D79\" data-response-field-name=\"_wpcf7_turnstile_response\" data-language=\"fr\"><\/div>\n<p><input class=\"wpcf7-form-control wpcf7-submit has-spinner\" type=\"submit\" value=\"Envoyer\" \/>\n<\/p><div class=\"wpcf7-response-output\" aria-hidden=\"true\"><\/div>\n<\/form>\n<\/div>\n\n","protected":false},"excerpt":{"rendered":"Identifiez-vous Votre nom (obligatoire) S\u00e9lectionnez votre site 3D &#8212;Veuillez choisir une option&#8212;CHU Sainte-JustineCHU SherbrookeCHU de Qu\u00e9bec &nbsp; Vos nouvelles coordonn\u00e9es [...]","protected":false},"author":1,"featured_media":0,"parent":83,"menu_order":0,"comment_status":"closed","ping_status":"closed","template":"","meta":{"footnotes":""},"class_list":["post-135","page","type-page","status-publish","hentry"],"_links":{"self":[{"href":"https:\/\/mail.irnpqeo.ca\/fr\/wp-json\/wp\/v2\/pages\/135","targetHints":{"allow":["GET"]}}],"collection":[{"href":"https:\/\/mail.irnpqeo.ca\/fr\/wp-json\/wp\/v2\/pages"}],"about":[{"href":"https:\/\/mail.irnpqeo.ca\/fr\/wp-json\/wp\/v2\/types\/page"}],"author":[{"embeddable":true,"href":"https:\/\/mail.irnpqeo.ca\/fr\/wp-json\/wp\/v2\/users\/1"}],"replies":[{"embeddable":true,"href":"https:\/\/mail.irnpqeo.ca\/fr\/wp-json\/wp\/v2\/comments?post=135"}],"version-history":[{"count":1,"href":"https:\/\/mail.irnpqeo.ca\/fr\/wp-json\/wp\/v2\/pages\/135\/revisions"}],"predecessor-version":[{"id":136,"href":"https:\/\/mail.irnpqeo.ca\/fr\/wp-json\/wp\/v2\/pages\/135\/revisions\/136"}],"up":[{"embeddable":true,"href":"https:\/\/mail.irnpqeo.ca\/fr\/wp-json\/wp\/v2\/pages\/83"}],"wp:attachment":[{"href":"https:\/\/mail.irnpqeo.ca\/fr\/wp-json\/wp\/v2\/media?parent=135"}],"curies":[{"name":"wp","href":"https:\/\/api.w.org\/{rel}","templated":true}]}}