{"id":261,"date":"2018-07-27T19:18:03","date_gmt":"2018-07-27T19:18:03","guid":{"rendered":"http:\/\/www.irnpqeo.ca\/researchers\/description-des-etudes-affiliees\/"},"modified":"2021-11-19T18:51:43","modified_gmt":"2021-11-19T18:51:43","slug":"ancillary-studies-description","status":"publish","type":"page","link":"https:\/\/mail.irnpqeo.ca\/en\/researchers\/ancillary-studies-description\/","title":{"rendered":"Ancillary Studies Description"},"content":{"rendered":"<p>List of approved Ancillary studies to date:<\/p>\n<ol>\n<li><strong>Human papillomavirus (HPV) perinatal transmission and risk of HPV persistence among children: a pilot cohort study.<\/strong><br \/>\nPrincipal Investigator : Helen Trottier, Universit\u00e9 de Montr\u00e9al<br \/>\nCo Investigators\u00a0: Fran\u00e7ois Coutl\u00e9e, Marie-H\u00e9l\u00e8ne Mayrand, William D. Fraser, Patricia Monnier<\/li>\n<li><strong>Association between Maternal Obstructive Sleep Apnea-Hypopnea and Small for Gestational Age Infants.<\/strong><br \/>\nPrincipal Investigator\u00a0: John Kimoff, Universit\u00e9 McGill<br \/>\nCo Investigators : Isabelle Marc, Fr\u00e9d\u00e9ric Series<\/li>\n<li><strong>Estimating the risk of toxoplasmosis and cytomegalovirus infection in pregnant women.<\/strong><br \/>\nCo Principal Investigators\u00a0: Val\u00e9rie Lamarre, Universit\u00e9 de Montr\u00e9al\u00a0; Nicolas Gilbert, Sant\u00e9 Canada<br \/>\nCo Investigators\u00a0: Theresa Gyorkos, William D. Fraser<\/li>\n<li><strong>Assessment of physical activity and physical inactivity in children in the 3D cohort at 2 years of age.<\/strong><br \/>\nCo-Principal Investigators :\u00a0 Isabelle Marc and Mich\u00e8le Bisson, Universit\u00e9 Laval<\/li>\n<li><strong>Elucidating the involvement of the Nodal signaling pathway in the pathogenesis of placental dysfunction leading to preterm birth or preeclampsia.<\/strong><br \/>\nPrincipal Investigator : Daniel Dufort, Universit\u00e9 McGill<br \/>\nCo Investigator : Patricia Monnier<\/li>\n<li><strong>Maternal mental health in pregnancy and early child emotional development: Psychosocial and biological mechanisms.<\/strong><br \/>\nPrincipal Investigator : Catherine Herba, Universit\u00e9 du Qu\u00e9bec \u00e0 Montr\u00e9al<br \/>\nCo Investigators\u00a0: William Fraser, Sarah Lipp\u00e9, Sonia Lupien, Gina Muckle, Jean S\u00e9guin, Cathy Vaillancourt, Natalie Castellanos, Vivette Glover, Marie-No\u00eblle Simard, Gabriel Shapiro, Nathalie Houlfort, Clemens Kirschbaum<\/li>\n<li><strong>Challenges to the vulnerable child in the transitions from preschool to grade school in a pregnancy cohort (Transition Study).<\/strong><br \/>\nPrincipal Investigators\u00a0: Jean Seguin, Universit\u00e9 de Montr\u00e9al et Sophie Parent, Universit\u00e9 de Montr\u00e9al<br \/>\nCo Investigators\u00a0: Gina Muckle, Sonia Lupien, William D Fraser, Michel Boivin<\/li>\n<li><strong>Using a randomized control trial to test developmental models of individual factors by environment interaction in the prediction of externalizing psychopathology across early school years.<\/strong><br \/>\nPrincipal Investigator : Natalie Castellanos-Ryan, Universit\u00e9 de Montr\u00e9al<br \/>\nCo Investigators\u00a0: Jean S\u00e9guin, William Fraser, Sophie Parent, Leila Ben Amor, Benoit Masse<\/li>\n<li><strong>The paternal contribution to neuroendocrine and neurodevelopmental trajectories of the offspring.<\/strong><br \/>\nPrincipal Investigator\u00a0: Tuong-Vi Nguyen, Universit\u00e9 McGill<br \/>\nCo Investigators\u00a0: Marie Brossard-Racine, Patricia Monnier, Anna Naumova, Jacquetta Trasler, Sophie Parent, Simon Ducharme, Jean Seguin<\/li>\n<li><strong>MicroRNAs in pregnancy and gestational diabetes: origin and functions for clinical applications.<\/strong><br \/>\nPrincipal Investigator : Luigi Bouchard, Universit\u00e9 de Sherbrooke<br \/>\nCo Investigators : Ren\u00e9e Gu\u00e9rin, Patrice Perron, Marie-France Hivet, Michelle Scott<\/li>\n<li><strong>Talking at home and at school: The developmental trajectory of oral language among young children who speak minority languages.<\/strong><br \/>\nPrincipal Investigator : Andrea MacLeod, University of Alberta<br \/>\nCo Investigators : Jean S\u00e9guin, Sophie Parent, Natalie Castellanos Ryan<\/li>\n<li><strong>Intrauterine Inflammation as a Determinant of Pregnancy Outcome and Child Health<\/strong><br \/>\nPrincipal Investigator: Alan Rosenberg, University of Saskatchewan<br \/>\nCo-investigators: Darryl Adamko, Mara Erlandson, John Gordon, Munier Nour, Mark Inman,\u00a0 et al.<\/li>\n<li><strong>Placental epigenetic variations associated with adiposity in early-childhood: A replication study in the 3D Cohort<\/strong>. Principal Investigator:\u00a0Luigi Bouchard, Universit\u00e9 de Sherbrooke. Co-Investigators: Val\u00e9rie Gagn\u00e9-Ouellet, Marie-France Hivert, Patrice Perron<\/li>\n<li><strong>Maternal sleep-disordered breathing during pregnancy and long-term health outcomes in children: the 3D pregnancy and birth cohort.<\/strong> Principal Investigator:\u00a0S.Pamidi, McGill University. Co-Investigators: E. Constantin, N. Huynh, J. S\u00e9guin, I. Marc, W. Fraser, A. Benedetti, F. S\u00e9ri\u00e8s , R.J. Kimoff<\/li>\n<li><strong>Cytomegalovirus non-primary infection during pregnancy in Quebec: prevalence, risk factors, consequences on pregnancy and the newborn.<\/strong> Principal Investigator:\u00a0Isabelle Boucoiran, Universit\u00e9 de Montr\u00e9al. Co-Investigators: Safari Joseph\u00a0Balegamire, Christian Renaud, Val\u00e9rie Lamarre, Beno\u00eet M\u00e2sse, Yves Gigu\u00e8re<\/li>\n<li><strong>Safety and effectiveness of influenza vaccine during pregnancy.<\/strong> Principal Investigator: Anick B\u00e9rard, Universit\u00e9 de Montr\u00e9al. Co-Investigators:\u00a0Sasha Bernatsky, Mark Walker, William Fraser<\/li>\n<li><strong>Prenatal Alcohol Exposure (PAE) Harmonization using Maelstrom ReACH Catalogue<\/strong>. Principal Investigator: Alan Bocking, University of Toronto. Co-investigators: Isabel Fortier, Sonia Anand, Nicole Letourneau.<\/li>\n<li><strong>Effects of taking antidepressants during pregnancy on the psychomotor, mental and language development of the child at 2 years\u2019 age<\/strong>. Principal Investigator: Gina Muckle, Universit\u00e9 Laval. Co-investigator: No\u00e9mie Tanguay<\/li>\n<li><strong>The two-way relationship between maternal depression and the emotional mother-child relationship: the moderating role of breastfeeding<\/strong>. Principal Investigator: Natalie Castellanos-Ryan, Universit\u00e9 de Montr\u00e9al. Co-investigator: Elizabeth Morin<\/li>\n<li><strong>Impact of prenatal exposure to stress on preterm birth and development of toddlers:<\/strong> A ReACH\/EUCAN Connect study using data from several birth cohorts. Principal Investigator: Isabel Fortier,\u00a0 Universit\u00e9 McGill. Co-Investigators:\u00a0Julie Bergeron,\u00a0 Anne-Marie Nybo Andersen<span style=\"font-family: georgia, palatino, serif;\"><span style=\"font-family: georgia, palatino, serif;\">.<\/span><\/span><\/li>\n<li><strong>Maternal psychological characteristics and weight gain during gestation<\/strong>.\u00a0<span style=\"font-family: georgia, palatino, serif;\">Principal Investigator: William Fraser, Universit\u00e9 de Sherbrooke.\u00a0<\/span>Co-investigators: Jean Patrice Baillargeon, Isabelle Hardy<\/li>\n<li><strong>Urban exposome in early-life and motor and cognitive function in children<\/strong>. Principal Investigator:\u00a0Monica Guxens, Barcelona Institute for Global Health. Co-Investigators: Anne Claire Binter, Martine Shareck, William Fraser<\/li>\n<\/ol>\n","protected":false},"excerpt":{"rendered":"<p>List of approved Ancillary studies to date: Human papillomavirus (HPV) perinatal transmission and risk of HPV persistence among children: a [&hellip;]<\/p>\n","protected":false},"author":1,"featured_media":0,"parent":199,"menu_order":0,"comment_status":"closed","ping_status":"closed","template":"","meta":{"footnotes":""},"class_list":["post-261","page","type-page","status-publish","hentry"],"_links":{"self":[{"href":"https:\/\/mail.irnpqeo.ca\/en\/wp-json\/wp\/v2\/pages\/261","targetHints":{"allow":["GET"]}}],"collection":[{"href":"https:\/\/mail.irnpqeo.ca\/en\/wp-json\/wp\/v2\/pages"}],"about":[{"href":"https:\/\/mail.irnpqeo.ca\/en\/wp-json\/wp\/v2\/types\/page"}],"author":[{"embeddable":true,"href":"https:\/\/mail.irnpqeo.ca\/en\/wp-json\/wp\/v2\/users\/1"}],"replies":[{"embeddable":true,"href":"https:\/\/mail.irnpqeo.ca\/en\/wp-json\/wp\/v2\/comments?post=261"}],"version-history":[{"count":9,"href":"https:\/\/mail.irnpqeo.ca\/en\/wp-json\/wp\/v2\/pages\/261\/revisions"}],"predecessor-version":[{"id":1651,"href":"https:\/\/mail.irnpqeo.ca\/en\/wp-json\/wp\/v2\/pages\/261\/revisions\/1651"}],"up":[{"embeddable":true,"href":"https:\/\/mail.irnpqeo.ca\/en\/wp-json\/wp\/v2\/pages\/199"}],"wp:attachment":[{"href":"https:\/\/mail.irnpqeo.ca\/en\/wp-json\/wp\/v2\/media?parent=261"}],"curies":[{"name":"wp","href":"https:\/\/api.w.org\/{rel}","templated":true}]}}