{"id":222,"date":"2018-09-17T03:52:27","date_gmt":"2018-09-17T03:52:27","guid":{"rendered":"http:\/\/www.irnpqeo.ca\/?page_id=222"},"modified":"2018-09-21T20:14:01","modified_gmt":"2018-09-21T20:14:01","slug":"overview-of-the-3d-study","status":"publish","type":"page","link":"https:\/\/mail.irnpqeo.ca\/en\/about\/overview-of-the-3d-study\/","title":{"rendered":"Overview of the 3D Study"},"content":{"rendered":"<h3>3D (Design, Develop, Discover) Study<\/h3>\n<p><a href=\"\/wordpress\/wp-content\/uploads\/2018\/09\/3d.png\"><img decoding=\"async\" class=\"alignleft size-medium wp-image-430\" src=\"http:\/\/www.irnpqeo.ca\/wordpress\/wp-content\/uploads\/2018\/09\/3d-300x169.png\" alt=\"\" width=\"300\" height=\"169\" srcset=\"https:\/\/mail.irnpqeo.ca\/wordpress\/wp-content\/uploads\/2018\/09\/3d-300x169.png 300w, https:\/\/mail.irnpqeo.ca\/wordpress\/wp-content\/uploads\/2018\/09\/3d.png 360w\" sizes=\"(max-width: 300px) 100vw, 300px\" \/><\/a>The perinatal period, which encompasses the period prior to pregnancy, the pregnancy itself and continuing up to the 24th month of the infant\u2019s life, is a crucial moment in a human\u2019s life. This period is often referred to as \u00abthe first 1000 days \u00bb. Studies have shown that good mother and child health during this period considerably reduces health problems during the course of the child\u2019s life.<\/p>\n<p>This is why the 3D Study (Design, Discover, Develop) by the IRNPQEO seeks to better understand the effects of different exposures on the outcome of the pregnancy, on maternal and paternal health, and on child development. These exposures include, for example: lifestyle, nutrition, stress, employment, family situation. The interaction between genes and the environment is also of particular interest.<\/p>\n<p>The 3D study is particularly interested in four main themes in perinatal research and also includes interdisciplinary projects.<\/p>\n<p><a href=\"\/wordpress\/wp-content\/uploads\/2018\/09\/themes-irnpqeo.png\"><img decoding=\"async\" class=\"alignright size-full wp-image-360\" src=\"\/wordpress\/wp-content\/uploads\/2018\/09\/themes-irnpqeo.png\" alt=\"\" width=\"884\" height=\"623\" srcset=\"https:\/\/mail.irnpqeo.ca\/wordpress\/wp-content\/uploads\/2018\/09\/themes-irnpqeo.png 884w, https:\/\/mail.irnpqeo.ca\/wordpress\/wp-content\/uploads\/2018\/09\/themes-irnpqeo-300x211.png 300w, https:\/\/mail.irnpqeo.ca\/wordpress\/wp-content\/uploads\/2018\/09\/themes-irnpqeo-768x541.png 768w\" sizes=\"(max-width: 884px) 100vw, 884px\" \/><\/a><\/p>\n<p>In order to achieve these goals, the 3D study created a cohort (mother-father-child) which included follow up until the child had achieved two years of age. Data and biological material (samples) has been collected from participants of this cohort in order to create a data bank as well as a biological specimens bank (also referred to as biobank). This information will serve the 3D study as well as several ancillary studies that will join in as the project develops.<\/p>\n<h3>Development of the 3D Cohort Study<\/h3>\n<p><a href=\"\/wordpress\/wp-content\/uploads\/2018\/09\/development-3d.png\"><img decoding=\"async\" class=\"alignright size-full wp-image-363\" src=\"\/wordpress\/wp-content\/uploads\/2018\/09\/development-3d.png\" alt=\"\" width=\"1285\" height=\"704\" srcset=\"https:\/\/mail.irnpqeo.ca\/wordpress\/wp-content\/uploads\/2018\/09\/development-3d.png 1285w, https:\/\/mail.irnpqeo.ca\/wordpress\/wp-content\/uploads\/2018\/09\/development-3d-300x164.png 300w, https:\/\/mail.irnpqeo.ca\/wordpress\/wp-content\/uploads\/2018\/09\/development-3d-768x421.png 768w, https:\/\/mail.irnpqeo.ca\/wordpress\/wp-content\/uploads\/2018\/09\/development-3d-1024x561.png 1024w\" sizes=\"(max-width: 1285px) 100vw, 1285px\" \/><\/a><\/p>\n<p><strong>Who participated?<\/strong> 2 366 trios (pregnant mother, father, and newborn until two years of age)<\/p>\n<p><strong>Where?\u00a0<\/strong> In 9 centres: 7 in Montreal, 1 in Quebec City and 1 in Sherbrooke, Quebec<\/p>\n<p>The 3D Cohort Study is the \u00ab initial branch \u00bb or foundation of what we hope to be a long list of follow-up studies that will look at various aspects of the 3D children\u2019s health as they grow up. You will find a summary of these projects under Follow-up Study and Ongoing studies.<br \/>\nThe IRNPQEO research network and the 3D Study were funded by the Canadian Institutes of Health Research.<\/p>\n<p><strong>Researchers who have developed this study are:\u00a0<\/strong><em>Fraser, William &#8211; Universit\u00e9 de Sherbrooke; Audibert, Fran\u00e7ois \u2013 Universit\u00e9 de Montr\u00e9al; Dubois, Lise \u2013 Universit\u00e9 d\u2019Ottawa; Julien, Pierre \u2013 Universit\u00e9 Laval; Luo, Zhong-Cheng \u2013 University of Toronto; Michaud, Jacques \u2013 Universit\u00e9 de Montr\u00e9al; Moutquin, Jean-Marie \u2013 Universit\u00e9 de Sherbrooke; Muckle, Gina \u2013 Universit\u00e9 Laval; S\u00e9guin, Jean \u2013 Universit\u00e9 de Montr\u00e9al; Trasler, Jacquetta \u2013McGill University; Tremblay, Richard Ernest \u2013 Universit\u00e9 de Montr\u00e9al; Abenhaim, Haim \u2013 McGill University; B\u00e9dard, Marie-Jos\u00e9e \u2013 Universit\u00e9 de Montr\u00e9al; B\u00e9rard, Annick \u2013 Universit\u00e9 de Montr\u00e9al; Bujold, Emmanuel \u2013 Universit\u00e9 Laval; Gagnon, Robert \u2013 McGill University; Girard Isabelle\u2013McGill University; Kibar, Zoha \u2013 Universit\u00e9 de Montr\u00e9al; Marc, Isabelle \u2013 Universit\u00e9 Laval; Monnier, Patricia \u2013McGill University; Simard, Marie-Noelle \u2013 Universit\u00e9 de Montr\u00e9al; Pasquier, Jean-Charles \u2013 Universit\u00e9 de Sherbrooke; Welt Michel- Universit\u00e9 de Montr\u00e9al<\/em><\/p>\n","protected":false},"excerpt":{"rendered":"<p>3D (Design, Develop, Discover) Study The perinatal period, which encompasses the period prior to pregnancy, the pregnancy itself and continuing [&hellip;]<\/p>\n","protected":false},"author":1,"featured_media":0,"parent":219,"menu_order":0,"comment_status":"closed","ping_status":"closed","template":"","meta":{"footnotes":""},"class_list":["post-222","page","type-page","status-publish","hentry"],"_links":{"self":[{"href":"https:\/\/mail.irnpqeo.ca\/en\/wp-json\/wp\/v2\/pages\/222","targetHints":{"allow":["GET"]}}],"collection":[{"href":"https:\/\/mail.irnpqeo.ca\/en\/wp-json\/wp\/v2\/pages"}],"about":[{"href":"https:\/\/mail.irnpqeo.ca\/en\/wp-json\/wp\/v2\/types\/page"}],"author":[{"embeddable":true,"href":"https:\/\/mail.irnpqeo.ca\/en\/wp-json\/wp\/v2\/users\/1"}],"replies":[{"embeddable":true,"href":"https:\/\/mail.irnpqeo.ca\/en\/wp-json\/wp\/v2\/comments?post=222"}],"version-history":[{"count":6,"href":"https:\/\/mail.irnpqeo.ca\/en\/wp-json\/wp\/v2\/pages\/222\/revisions"}],"predecessor-version":[{"id":433,"href":"https:\/\/mail.irnpqeo.ca\/en\/wp-json\/wp\/v2\/pages\/222\/revisions\/433"}],"up":[{"embeddable":true,"href":"https:\/\/mail.irnpqeo.ca\/en\/wp-json\/wp\/v2\/pages\/219"}],"wp:attachment":[{"href":"https:\/\/mail.irnpqeo.ca\/en\/wp-json\/wp\/v2\/media?parent=222"}],"curies":[{"name":"wp","href":"https:\/\/api.w.org\/{rel}","templated":true}]}}